{"id":5771,"date":"2024-10-10T09:00:16","date_gmt":"2024-10-10T06:00:16","guid":{"rendered":"https:\/\/sensua.lv\/?post_type=product&#038;p=5771"},"modified":"2025-02-18T15:13:02","modified_gmt":"2025-02-18T13:13:02","slug":"davanu-karte","status":"publish","type":"product","link":"https:\/\/sensua.lv\/en\/veikals\/davanu-karte\/","title":{"rendered":"D\u0101vanu karte"},"content":{"rendered":"","protected":false},"excerpt":{"rendered":"<p>\u013bauj gavi\u013cniekam izv\u0113l\u0113ties sev t\u012bkamu d\u0101vanu pie mums, uzd\u0101vinot d\u0101vanu karti!<\/p>\n<p>Ieg\u0101d\u0101joties d\u0101vanu karti, Jums uz e-pastu tiks nos\u016bt\u012bts unik\u0101ls d\u0101vanu kartes kods, kuru izmantot var\u0113siet, iep\u0113rkoties veikal\u0101.<\/p>\n<p>Lai skaisti sv\u0113tki!<\/p>","protected":false},"featured_media":5979,"comment_status":"closed","ping_status":"closed","template":"","meta":[],"product_brand":[],"product_cat":[35,54],"product_tag":[],"class_list":{"0":"post-5771","1":"product","2":"type-product","3":"status-publish","4":"has-post-thumbnail","6":"product_cat-aksesuari","7":"product_cat-davanu-karte","9":"first","10":"instock","11":"shipping-taxable","12":"purchasable","13":"product-type-variable"},"yoast_head":"<!-- This site is optimized with the Yoast SEO plugin v26.9 - https:\/\/yoast.com\/product\/yoast-seo-wordpress\/ -->\n<title>D\u0101vanu karte - SENSUA<\/title>\n<meta name=\"robots\" content=\"index, follow, max-snippet:-1, max-image-preview:large, max-video-preview:-1\" \/>\n<link rel=\"canonical\" href=\"https:\/\/sensua.lv\/en\/veikals\/davanu-karte\/\" \/>\n<meta property=\"og:locale\" content=\"en_GB\" \/>\n<meta property=\"og:type\" content=\"article\" \/>\n<meta property=\"og:title\" content=\"D\u0101vanu karte - SENSUA\" \/>\n<meta property=\"og:description\" content=\"\u013bauj gavi\u013cniekam izv\u0113l\u0113ties sev t\u012bkamu d\u0101vanu pie mums, uzd\u0101vinot d\u0101vanu karti!  Ieg\u0101d\u0101joties d\u0101vanu karti, Jums uz e-pastu tiks nos\u016bt\u012bts unik\u0101ls d\u0101vanu kartes kods, kuru izmantot var\u0113siet, iep\u0113rkoties veikal\u0101.  Lai skaisti sv\u0113tki!\" \/>\n<meta property=\"og:url\" content=\"https:\/\/sensua.lv\/en\/veikals\/davanu-karte\/\" \/>\n<meta property=\"og:site_name\" content=\"SENSUA\" \/>\n<meta property=\"article:modified_time\" content=\"2025-02-18T13:13:02+00:00\" \/>\n<meta property=\"og:image\" content=\"https:\/\/sensua.lv\/wp-content\/uploads\/2024\/10\/Davanu-karte-4.png\" \/>\n\t<meta property=\"og:image:width\" content=\"1080\" \/>\n\t<meta property=\"og:image:height\" content=\"1350\" \/>\n\t<meta property=\"og:image:type\" content=\"image\/png\" \/>\n<meta name=\"twitter:card\" content=\"summary_large_image\" \/>\n<meta name=\"twitter:label1\" content=\"Estimated reading time\" \/>\n\t<meta name=\"twitter:data1\" content=\"1 minute\" \/>\n<script type=\"application\/ld+json\" class=\"yoast-schema-graph\">{\"@context\":\"https:\/\/schema.org\",\"@graph\":[{\"@type\":\"WebPage\",\"@id\":\"https:\/\/sensua.lv\/veikals\/davanu-karte\/\",\"url\":\"https:\/\/sensua.lv\/veikals\/davanu-karte\/\",\"name\":\"D\u0101vanu karte - SENSUA\",\"isPartOf\":{\"@id\":\"https:\/\/sensua.lv\/#website\"},\"primaryImageOfPage\":{\"@id\":\"https:\/\/sensua.lv\/veikals\/davanu-karte\/#primaryimage\"},\"image\":{\"@id\":\"https:\/\/sensua.lv\/veikals\/davanu-karte\/#primaryimage\"},\"thumbnailUrl\":\"https:\/\/sensua.lv\/wp-content\/uploads\/2024\/10\/Davanu-karte-4.png\",\"datePublished\":\"2024-10-10T06:00:16+00:00\",\"dateModified\":\"2025-02-18T13:13:02+00:00\",\"breadcrumb\":{\"@id\":\"https:\/\/sensua.lv\/veikals\/davanu-karte\/#breadcrumb\"},\"inLanguage\":\"en-GB\",\"potentialAction\":[{\"@type\":\"ReadAction\",\"target\":[\"https:\/\/sensua.lv\/veikals\/davanu-karte\/\"]}]},{\"@type\":\"ImageObject\",\"inLanguage\":\"en-GB\",\"@id\":\"https:\/\/sensua.lv\/veikals\/davanu-karte\/#primaryimage\",\"url\":\"https:\/\/sensua.lv\/wp-content\/uploads\/2024\/10\/Davanu-karte-4.png\",\"contentUrl\":\"https:\/\/sensua.lv\/wp-content\/uploads\/2024\/10\/Davanu-karte-4.png\",\"width\":1080,\"height\":1350},{\"@type\":\"BreadcrumbList\",\"@id\":\"https:\/\/sensua.lv\/veikals\/davanu-karte\/#breadcrumb\",\"itemListElement\":[{\"@type\":\"ListItem\",\"position\":1,\"name\":\"Home\",\"item\":\"https:\/\/sensua.lv\/\"},{\"@type\":\"ListItem\",\"position\":2,\"name\":\"Veikals\",\"item\":\"https:\/\/sensua.lv\/veikals\/\"},{\"@type\":\"ListItem\",\"position\":3,\"name\":\"D\u0101vanu karte\"}]},{\"@type\":\"WebSite\",\"@id\":\"https:\/\/sensua.lv\/#website\",\"url\":\"https:\/\/sensua.lv\/\",\"name\":\"SENSUA\",\"description\":\"Dabisks un ekolo\u0123isks gaismas avots tav\u0101s m\u0101j\u0101s\",\"publisher\":{\"@id\":\"https:\/\/sensua.lv\/#organization\"},\"potentialAction\":[{\"@type\":\"SearchAction\",\"target\":{\"@type\":\"EntryPoint\",\"urlTemplate\":\"https:\/\/sensua.lv\/?s={search_term_string}\"},\"query-input\":{\"@type\":\"PropertyValueSpecification\",\"valueRequired\":true,\"valueName\":\"search_term_string\"}}],\"inLanguage\":\"en-GB\"},{\"@type\":\"Organization\",\"@id\":\"https:\/\/sensua.lv\/#organization\",\"name\":\"SENSUA\",\"url\":\"https:\/\/sensua.lv\/\",\"logo\":{\"@type\":\"ImageObject\",\"inLanguage\":\"en-GB\",\"@id\":\"https:\/\/sensua.lv\/#\/schema\/logo\/image\/\",\"url\":\"https:\/\/sensua.lv\/wp-content\/uploads\/2024\/11\/logo.jpg\",\"contentUrl\":\"https:\/\/sensua.lv\/wp-content\/uploads\/2024\/11\/logo.jpg\",\"width\":512,\"height\":512,\"caption\":\"SENSUA\"},\"image\":{\"@id\":\"https:\/\/sensua.lv\/#\/schema\/logo\/image\/\"},\"sameAs\":[\"https:\/\/www.instagram.com\/sensua.products\/\",\"https:\/\/www.tiktok.com\/@sensuaproducts\"]}]}<\/script>\n<!-- \/ Yoast SEO plugin. -->","yoast_head_json":{"title":"D\u0101vanu karte - SENSUA","robots":{"index":"index","follow":"follow","max-snippet":"max-snippet:-1","max-image-preview":"max-image-preview:large","max-video-preview":"max-video-preview:-1"},"canonical":"https:\/\/sensua.lv\/en\/veikals\/davanu-karte\/","og_locale":"en_GB","og_type":"article","og_title":"D\u0101vanu karte - SENSUA","og_description":"\u013bauj gavi\u013cniekam izv\u0113l\u0113ties sev t\u012bkamu d\u0101vanu pie mums, uzd\u0101vinot d\u0101vanu karti!  Ieg\u0101d\u0101joties d\u0101vanu karti, Jums uz e-pastu tiks nos\u016bt\u012bts unik\u0101ls d\u0101vanu kartes kods, kuru izmantot var\u0113siet, iep\u0113rkoties veikal\u0101.  Lai skaisti sv\u0113tki!","og_url":"https:\/\/sensua.lv\/en\/veikals\/davanu-karte\/","og_site_name":"SENSUA","article_modified_time":"2025-02-18T13:13:02+00:00","og_image":[{"width":1080,"height":1350,"url":"https:\/\/sensua.lv\/wp-content\/uploads\/2024\/10\/Davanu-karte-4.png","type":"image\/png"}],"twitter_card":"summary_large_image","twitter_misc":{"Estimated reading time":"1 minute"},"schema":{"@context":"https:\/\/schema.org","@graph":[{"@type":"WebPage","@id":"https:\/\/sensua.lv\/veikals\/davanu-karte\/","url":"https:\/\/sensua.lv\/veikals\/davanu-karte\/","name":"D\u0101vanu karte - SENSUA","isPartOf":{"@id":"https:\/\/sensua.lv\/#website"},"primaryImageOfPage":{"@id":"https:\/\/sensua.lv\/veikals\/davanu-karte\/#primaryimage"},"image":{"@id":"https:\/\/sensua.lv\/veikals\/davanu-karte\/#primaryimage"},"thumbnailUrl":"https:\/\/sensua.lv\/wp-content\/uploads\/2024\/10\/Davanu-karte-4.png","datePublished":"2024-10-10T06:00:16+00:00","dateModified":"2025-02-18T13:13:02+00:00","breadcrumb":{"@id":"https:\/\/sensua.lv\/veikals\/davanu-karte\/#breadcrumb"},"inLanguage":"en-GB","potentialAction":[{"@type":"ReadAction","target":["https:\/\/sensua.lv\/veikals\/davanu-karte\/"]}]},{"@type":"ImageObject","inLanguage":"en-GB","@id":"https:\/\/sensua.lv\/veikals\/davanu-karte\/#primaryimage","url":"https:\/\/sensua.lv\/wp-content\/uploads\/2024\/10\/Davanu-karte-4.png","contentUrl":"https:\/\/sensua.lv\/wp-content\/uploads\/2024\/10\/Davanu-karte-4.png","width":1080,"height":1350},{"@type":"BreadcrumbList","@id":"https:\/\/sensua.lv\/veikals\/davanu-karte\/#breadcrumb","itemListElement":[{"@type":"ListItem","position":1,"name":"Home","item":"https:\/\/sensua.lv\/"},{"@type":"ListItem","position":2,"name":"Veikals","item":"https:\/\/sensua.lv\/veikals\/"},{"@type":"ListItem","position":3,"name":"D\u0101vanu karte"}]},{"@type":"WebSite","@id":"https:\/\/sensua.lv\/#website","url":"https:\/\/sensua.lv\/","name":"SENSUA","description":"Dabisks un ekolo\u0123isks gaismas avots tav\u0101s m\u0101j\u0101s","publisher":{"@id":"https:\/\/sensua.lv\/#organization"},"potentialAction":[{"@type":"SearchAction","target":{"@type":"EntryPoint","urlTemplate":"https:\/\/sensua.lv\/?s={search_term_string}"},"query-input":{"@type":"PropertyValueSpecification","valueRequired":true,"valueName":"search_term_string"}}],"inLanguage":"en-GB"},{"@type":"Organization","@id":"https:\/\/sensua.lv\/#organization","name":"SENSUA","url":"https:\/\/sensua.lv\/","logo":{"@type":"ImageObject","inLanguage":"en-GB","@id":"https:\/\/sensua.lv\/#\/schema\/logo\/image\/","url":"https:\/\/sensua.lv\/wp-content\/uploads\/2024\/11\/logo.jpg","contentUrl":"https:\/\/sensua.lv\/wp-content\/uploads\/2024\/11\/logo.jpg","width":512,"height":512,"caption":"SENSUA"},"image":{"@id":"https:\/\/sensua.lv\/#\/schema\/logo\/image\/"},"sameAs":["https:\/\/www.instagram.com\/sensua.products\/","https:\/\/www.tiktok.com\/@sensuaproducts"]}]}},"_links":{"self":[{"href":"https:\/\/sensua.lv\/en\/wp-json\/wp\/v2\/product\/5771","targetHints":{"allow":["GET"]}}],"collection":[{"href":"https:\/\/sensua.lv\/en\/wp-json\/wp\/v2\/product"}],"about":[{"href":"https:\/\/sensua.lv\/en\/wp-json\/wp\/v2\/types\/product"}],"replies":[{"embeddable":true,"href":"https:\/\/sensua.lv\/en\/wp-json\/wp\/v2\/comments?post=5771"}],"wp:featuredmedia":[{"embeddable":true,"href":"https:\/\/sensua.lv\/en\/wp-json\/wp\/v2\/media\/5979"}],"wp:attachment":[{"href":"https:\/\/sensua.lv\/en\/wp-json\/wp\/v2\/media?parent=5771"}],"wp:term":[{"taxonomy":"product_brand","embeddable":true,"href":"https:\/\/sensua.lv\/en\/wp-json\/wp\/v2\/product_brand?post=5771"},{"taxonomy":"product_cat","embeddable":true,"href":"https:\/\/sensua.lv\/en\/wp-json\/wp\/v2\/product_cat?post=5771"},{"taxonomy":"product_tag","embeddable":true,"href":"https:\/\/sensua.lv\/en\/wp-json\/wp\/v2\/product_tag?post=5771"}],"curies":[{"name":"wp","href":"https:\/\/api.w.org\/{rel}","templated":true}]}}