{"id":5561,"date":"2024-11-01T11:10:38","date_gmt":"2024-11-01T09:10:38","guid":{"rendered":"https:\/\/sensua.lv\/?post_type=product&#038;p=5561"},"modified":"2025-12-21T16:33:27","modified_gmt":"2025-12-21T14:33:27","slug":"daktis-20gb","status":"publish","type":"product","link":"https:\/\/sensua.lv\/en\/veikals\/daktis-20gb\/","title":{"rendered":"Daktis 20 gb."},"content":{"rendered":"","protected":false},"excerpt":{"rendered":"<p>Iepakojum\u0101 20gb. sve\u010du daktis. (dakts garums 6.5cm)<\/p>\n<p>Vienas dakts deg\u0161anas ilgums ir l\u012bdz 8-10h<\/p>","protected":false},"featured_media":5409,"comment_status":"closed","ping_status":"closed","template":"","meta":[],"product_brand":[],"product_cat":[35],"product_tag":[],"class_list":{"0":"post-5561","1":"product","2":"type-product","3":"status-publish","4":"has-post-thumbnail","6":"product_cat-aksesuari","8":"first","9":"instock","10":"shipping-taxable","11":"purchasable","12":"product-type-simple"},"yoast_head":"<!-- This site is optimized with the Yoast SEO plugin v26.9 - https:\/\/yoast.com\/product\/yoast-seo-wordpress\/ -->\n<title>Daktis 20 gb. - SENSUA<\/title>\n<meta name=\"robots\" content=\"index, follow, max-snippet:-1, max-image-preview:large, max-video-preview:-1\" \/>\n<link rel=\"canonical\" href=\"https:\/\/sensua.lv\/en\/veikals\/daktis-20gb\/\" \/>\n<meta property=\"og:locale\" content=\"en_GB\" \/>\n<meta property=\"og:type\" content=\"article\" \/>\n<meta property=\"og:title\" content=\"Daktis 20 gb. - SENSUA\" \/>\n<meta property=\"og:description\" content=\"Iepakojum\u0101 20gb. sve\u010du daktis. (dakts garums 6.5cm)  Vienas dakts deg\u0161anas ilgums ir l\u012bdz 8-10h\" \/>\n<meta property=\"og:url\" content=\"https:\/\/sensua.lv\/en\/veikals\/daktis-20gb\/\" \/>\n<meta property=\"og:site_name\" content=\"SENSUA\" \/>\n<meta property=\"article:modified_time\" content=\"2025-12-21T14:33:27+00:00\" \/>\n<meta property=\"og:image\" content=\"https:\/\/sensua.lv\/wp-content\/uploads\/2024\/11\/daktis.jpg\" \/>\n\t<meta property=\"og:image:width\" content=\"1080\" \/>\n\t<meta property=\"og:image:height\" content=\"1350\" \/>\n\t<meta property=\"og:image:type\" content=\"image\/jpeg\" \/>\n<meta name=\"twitter:card\" content=\"summary_large_image\" \/>\n<meta name=\"twitter:label1\" content=\"Estimated reading time\" \/>\n\t<meta name=\"twitter:data1\" content=\"1 minute\" \/>\n<script type=\"application\/ld+json\" class=\"yoast-schema-graph\">{\"@context\":\"https:\/\/schema.org\",\"@graph\":[{\"@type\":\"WebPage\",\"@id\":\"https:\/\/sensua.lv\/veikals\/daktis-20gb\/\",\"url\":\"https:\/\/sensua.lv\/veikals\/daktis-20gb\/\",\"name\":\"Daktis 20 gb. - SENSUA\",\"isPartOf\":{\"@id\":\"https:\/\/sensua.lv\/#website\"},\"primaryImageOfPage\":{\"@id\":\"https:\/\/sensua.lv\/veikals\/daktis-20gb\/#primaryimage\"},\"image\":{\"@id\":\"https:\/\/sensua.lv\/veikals\/daktis-20gb\/#primaryimage\"},\"thumbnailUrl\":\"https:\/\/sensua.lv\/wp-content\/uploads\/2024\/11\/daktis.jpg\",\"datePublished\":\"2024-11-01T09:10:38+00:00\",\"dateModified\":\"2025-12-21T14:33:27+00:00\",\"breadcrumb\":{\"@id\":\"https:\/\/sensua.lv\/veikals\/daktis-20gb\/#breadcrumb\"},\"inLanguage\":\"en-GB\",\"potentialAction\":[{\"@type\":\"ReadAction\",\"target\":[\"https:\/\/sensua.lv\/veikals\/daktis-20gb\/\"]}]},{\"@type\":\"ImageObject\",\"inLanguage\":\"en-GB\",\"@id\":\"https:\/\/sensua.lv\/veikals\/daktis-20gb\/#primaryimage\",\"url\":\"https:\/\/sensua.lv\/wp-content\/uploads\/2024\/11\/daktis.jpg\",\"contentUrl\":\"https:\/\/sensua.lv\/wp-content\/uploads\/2024\/11\/daktis.jpg\",\"width\":1080,\"height\":1350},{\"@type\":\"BreadcrumbList\",\"@id\":\"https:\/\/sensua.lv\/veikals\/daktis-20gb\/#breadcrumb\",\"itemListElement\":[{\"@type\":\"ListItem\",\"position\":1,\"name\":\"Home\",\"item\":\"https:\/\/sensua.lv\/\"},{\"@type\":\"ListItem\",\"position\":2,\"name\":\"Veikals\",\"item\":\"https:\/\/sensua.lv\/veikals\/\"},{\"@type\":\"ListItem\",\"position\":3,\"name\":\"Daktis 20 gb.\"}]},{\"@type\":\"WebSite\",\"@id\":\"https:\/\/sensua.lv\/#website\",\"url\":\"https:\/\/sensua.lv\/\",\"name\":\"SENSUA\",\"description\":\"Dabisks un ekolo\u0123isks gaismas avots tav\u0101s m\u0101j\u0101s\",\"publisher\":{\"@id\":\"https:\/\/sensua.lv\/#organization\"},\"potentialAction\":[{\"@type\":\"SearchAction\",\"target\":{\"@type\":\"EntryPoint\",\"urlTemplate\":\"https:\/\/sensua.lv\/?s={search_term_string}\"},\"query-input\":{\"@type\":\"PropertyValueSpecification\",\"valueRequired\":true,\"valueName\":\"search_term_string\"}}],\"inLanguage\":\"en-GB\"},{\"@type\":\"Organization\",\"@id\":\"https:\/\/sensua.lv\/#organization\",\"name\":\"SENSUA\",\"url\":\"https:\/\/sensua.lv\/\",\"logo\":{\"@type\":\"ImageObject\",\"inLanguage\":\"en-GB\",\"@id\":\"https:\/\/sensua.lv\/#\/schema\/logo\/image\/\",\"url\":\"https:\/\/sensua.lv\/wp-content\/uploads\/2024\/11\/logo.jpg\",\"contentUrl\":\"https:\/\/sensua.lv\/wp-content\/uploads\/2024\/11\/logo.jpg\",\"width\":512,\"height\":512,\"caption\":\"SENSUA\"},\"image\":{\"@id\":\"https:\/\/sensua.lv\/#\/schema\/logo\/image\/\"},\"sameAs\":[\"https:\/\/www.instagram.com\/sensua.products\/\",\"https:\/\/www.tiktok.com\/@sensuaproducts\"]}]}<\/script>\n<!-- \/ Yoast SEO plugin. -->","yoast_head_json":{"title":"Daktis 20 gb. - SENSUA","robots":{"index":"index","follow":"follow","max-snippet":"max-snippet:-1","max-image-preview":"max-image-preview:large","max-video-preview":"max-video-preview:-1"},"canonical":"https:\/\/sensua.lv\/en\/veikals\/daktis-20gb\/","og_locale":"en_GB","og_type":"article","og_title":"Daktis 20 gb. - SENSUA","og_description":"Iepakojum\u0101 20gb. sve\u010du daktis. (dakts garums 6.5cm)  Vienas dakts deg\u0161anas ilgums ir l\u012bdz 8-10h","og_url":"https:\/\/sensua.lv\/en\/veikals\/daktis-20gb\/","og_site_name":"SENSUA","article_modified_time":"2025-12-21T14:33:27+00:00","og_image":[{"width":1080,"height":1350,"url":"https:\/\/sensua.lv\/wp-content\/uploads\/2024\/11\/daktis.jpg","type":"image\/jpeg"}],"twitter_card":"summary_large_image","twitter_misc":{"Estimated reading time":"1 minute"},"schema":{"@context":"https:\/\/schema.org","@graph":[{"@type":"WebPage","@id":"https:\/\/sensua.lv\/veikals\/daktis-20gb\/","url":"https:\/\/sensua.lv\/veikals\/daktis-20gb\/","name":"Daktis 20 gb. - SENSUA","isPartOf":{"@id":"https:\/\/sensua.lv\/#website"},"primaryImageOfPage":{"@id":"https:\/\/sensua.lv\/veikals\/daktis-20gb\/#primaryimage"},"image":{"@id":"https:\/\/sensua.lv\/veikals\/daktis-20gb\/#primaryimage"},"thumbnailUrl":"https:\/\/sensua.lv\/wp-content\/uploads\/2024\/11\/daktis.jpg","datePublished":"2024-11-01T09:10:38+00:00","dateModified":"2025-12-21T14:33:27+00:00","breadcrumb":{"@id":"https:\/\/sensua.lv\/veikals\/daktis-20gb\/#breadcrumb"},"inLanguage":"en-GB","potentialAction":[{"@type":"ReadAction","target":["https:\/\/sensua.lv\/veikals\/daktis-20gb\/"]}]},{"@type":"ImageObject","inLanguage":"en-GB","@id":"https:\/\/sensua.lv\/veikals\/daktis-20gb\/#primaryimage","url":"https:\/\/sensua.lv\/wp-content\/uploads\/2024\/11\/daktis.jpg","contentUrl":"https:\/\/sensua.lv\/wp-content\/uploads\/2024\/11\/daktis.jpg","width":1080,"height":1350},{"@type":"BreadcrumbList","@id":"https:\/\/sensua.lv\/veikals\/daktis-20gb\/#breadcrumb","itemListElement":[{"@type":"ListItem","position":1,"name":"Home","item":"https:\/\/sensua.lv\/"},{"@type":"ListItem","position":2,"name":"Veikals","item":"https:\/\/sensua.lv\/veikals\/"},{"@type":"ListItem","position":3,"name":"Daktis 20 gb."}]},{"@type":"WebSite","@id":"https:\/\/sensua.lv\/#website","url":"https:\/\/sensua.lv\/","name":"SENSUA","description":"Dabisks un ekolo\u0123isks gaismas avots tav\u0101s m\u0101j\u0101s","publisher":{"@id":"https:\/\/sensua.lv\/#organization"},"potentialAction":[{"@type":"SearchAction","target":{"@type":"EntryPoint","urlTemplate":"https:\/\/sensua.lv\/?s={search_term_string}"},"query-input":{"@type":"PropertyValueSpecification","valueRequired":true,"valueName":"search_term_string"}}],"inLanguage":"en-GB"},{"@type":"Organization","@id":"https:\/\/sensua.lv\/#organization","name":"SENSUA","url":"https:\/\/sensua.lv\/","logo":{"@type":"ImageObject","inLanguage":"en-GB","@id":"https:\/\/sensua.lv\/#\/schema\/logo\/image\/","url":"https:\/\/sensua.lv\/wp-content\/uploads\/2024\/11\/logo.jpg","contentUrl":"https:\/\/sensua.lv\/wp-content\/uploads\/2024\/11\/logo.jpg","width":512,"height":512,"caption":"SENSUA"},"image":{"@id":"https:\/\/sensua.lv\/#\/schema\/logo\/image\/"},"sameAs":["https:\/\/www.instagram.com\/sensua.products\/","https:\/\/www.tiktok.com\/@sensuaproducts"]}]}},"_links":{"self":[{"href":"https:\/\/sensua.lv\/en\/wp-json\/wp\/v2\/product\/5561","targetHints":{"allow":["GET"]}}],"collection":[{"href":"https:\/\/sensua.lv\/en\/wp-json\/wp\/v2\/product"}],"about":[{"href":"https:\/\/sensua.lv\/en\/wp-json\/wp\/v2\/types\/product"}],"replies":[{"embeddable":true,"href":"https:\/\/sensua.lv\/en\/wp-json\/wp\/v2\/comments?post=5561"}],"wp:featuredmedia":[{"embeddable":true,"href":"https:\/\/sensua.lv\/en\/wp-json\/wp\/v2\/media\/5409"}],"wp:attachment":[{"href":"https:\/\/sensua.lv\/en\/wp-json\/wp\/v2\/media?parent=5561"}],"wp:term":[{"taxonomy":"product_brand","embeddable":true,"href":"https:\/\/sensua.lv\/en\/wp-json\/wp\/v2\/product_brand?post=5561"},{"taxonomy":"product_cat","embeddable":true,"href":"https:\/\/sensua.lv\/en\/wp-json\/wp\/v2\/product_cat?post=5561"},{"taxonomy":"product_tag","embeddable":true,"href":"https:\/\/sensua.lv\/en\/wp-json\/wp\/v2\/product_tag?post=5561"}],"curies":[{"name":"wp","href":"https:\/\/api.w.org\/{rel}","templated":true}]}}