{"id":5469,"date":"2024-10-31T19:00:58","date_gmt":"2024-10-31T17:00:58","guid":{"rendered":"https:\/\/sensua.lv\/?post_type=product&#038;p=5469"},"modified":"2026-02-02T11:49:59","modified_gmt":"2026-02-02T09:49:59","slug":"komplekts-granulu-sveces-daktis-keramikas-trauks","status":"publish","type":"product","link":"https:\/\/sensua.lv\/en\/veikals\/komplekts-granulu-sveces-daktis-keramikas-trauks\/","title":{"rendered":"Komplekts: Granulu sveces, daktis, keramikas trauks"},"content":{"rendered":"<p><strong>DEG\u0160ANAS PROCESS<\/strong><\/p>\n<p>Deg\u0161anas diametrs ir atkar\u012bgs no trauka diametra un gaisa piek\u013cuves daudzuma deg\u0161anas vietai.<br \/>\nVienas dakts deg\u0161anas ilgums ir l\u012bdz 8-10h.<br \/>\n8-10h laik\u0101 izdeg apm\u0113ram l\u012bdz 100g granulu.<br \/>\nNav lietojams uztur\u0101 vai izmantojams cit\u0101 veid\u0101 k\u0101 vien\u012bgi sve\u010du dedzin\u0101\u0161nas procesam.<br \/>\nVeidotas p\u0113c speic\u0101li izstr\u0101d\u0101tas formulas, kuras sast\u0101v\u0101 tiek izmantots 100% augu vasks.<br \/>\nNesatur naftas produktus, toks\u012bnus un \u0123en\u0113tiski modific\u0113tas vielas.<br \/>\nDeg\u0161anas poces\u0101 neizdal\u0101s kait\u012bgas vielas un ned\u016bmo. Bez smar\u017eas un deg\u0161anas laik\u0101 neizdala smar\u017eu.<\/p>\n<p><strong>DIZAINS<\/strong><br \/>\nIzmantojot granulas, J\u016bs var\u0113siet rad\u012bt individu\u0101lu dizainu sav\u0101 izv\u0113l\u0113taj\u0101 trauk\u0101.<\/p>\n<p><strong>LIETO\u0160ANA<\/strong><br \/>\nPareizi lietojot granulu sveces, t\u0101s nepil\u0113s, netec\u0113s, b\u016bs viegli atjaunojamas un vienm\u0113r izskat\u012bsies k\u0101 jaunas.<\/p>\n<p><strong>VESEL\u012aBA<\/strong><br \/>\nGranulu sveces nesatur kait\u012bgas vielas, naftas produktus, toks\u012bnus vai \u0123en\u0113tiski modific\u0113tas sast\u0101vda\u013cas.<\/p>\n<p><strong>DRO\u0160\u012aBA<\/strong><br \/>\nUnik\u0101l\u0101 sve\u010du granulu tehnolo\u0123ija nodro\u0161ina, ka, ja svece apg\u0101\u017eas, t\u0101 pati nodziest. Tom\u0113r ir svar\u012bgi atcer\u0113ties, ka dedzin\u0101\u0161anas laik\u0101 joproj\u0101m j\u0101iev\u0113ro standarta sve\u010du dro\u0161\u012bbas noteikumi.<\/p>","protected":false},"excerpt":{"rendered":"<p>Sensua granulu sveces ir m\u016bsu praktisk\u0101kais produkts, kas nezaud\u0113 savu vizu\u0101lo pievilc\u012bbu. T\u0101s izgatavotas no dabisk\u0101m sast\u0101vda\u013c\u0101m, kas nesatur naftas produktus, un pild\u0101mas elegantos traukos, \u0101tri pie\u0161\u0137irot svecei v\u0113lamo veidolu.<\/p>\n<p>Komplekt\u0101 iek\u013cauts viss, kas nepiecie\u0161ams, lai rad\u012btu relaks\u0113jo\u0161u vakara atmosf\u0113ru.<\/p>\n<p>\u2014 Keramikas trauks d24cm \/ h6cm<br \/>\n\u2014 1 kg granulu sveces<br \/>\n\u2014 20 gab daktis<\/p>","protected":false},"featured_media":5470,"comment_status":"open","ping_status":"closed","template":"","meta":[],"product_brand":[],"product_cat":[48,55],"product_tag":[],"class_list":{"0":"post-5469","1":"product","2":"type-product","3":"status-publish","4":"has-post-thumbnail","6":"product_cat-komplekti","7":"product_cat-featured-products","9":"first","10":"instock","11":"shipping-taxable","12":"purchasable","13":"product-type-simple"},"yoast_head":"<!-- This site is optimized with the Yoast SEO plugin v26.9 - https:\/\/yoast.com\/product\/yoast-seo-wordpress\/ -->\n<title>Komplekts: Granulu sveces, daktis, keramikas trauks - SENSUA<\/title>\n<meta name=\"robots\" content=\"index, follow, max-snippet:-1, max-image-preview:large, max-video-preview:-1\" \/>\n<link rel=\"canonical\" href=\"https:\/\/sensua.lv\/en\/veikals\/komplekts-granulu-sveces-daktis-keramikas-trauks\/\" \/>\n<meta property=\"og:locale\" content=\"en_GB\" \/>\n<meta property=\"og:type\" content=\"article\" \/>\n<meta property=\"og:title\" content=\"Komplekts: Granulu sveces, daktis, keramikas trauks - SENSUA\" \/>\n<meta property=\"og:description\" content=\"Sensua granulu sveces ir m\u016bsu praktisk\u0101kais produkts, kas nezaud\u0113 savu vizu\u0101lo pievilc\u012bbu. T\u0101s izgatavotas no dabisk\u0101m sast\u0101vda\u013c\u0101m, kas nesatur naftas produktus, un pild\u0101mas elegantos traukos, \u0101tri pie\u0161\u0137irot svecei v\u0113lamo veidolu.  Komplekt\u0101 iek\u013cauts viss, kas nepiecie\u0161ams, lai rad\u012btu relaks\u0113jo\u0161u vakara atmosf\u0113ru.  \u2014 Keramikas trauks d24cm \/ h6cm \u2014 1 kg granulu sveces \u2014 20 gab daktis\" \/>\n<meta property=\"og:url\" content=\"https:\/\/sensua.lv\/en\/veikals\/komplekts-granulu-sveces-daktis-keramikas-trauks\/\" \/>\n<meta property=\"og:site_name\" content=\"SENSUA\" \/>\n<meta property=\"article:modified_time\" content=\"2026-02-02T09:49:59+00:00\" \/>\n<meta property=\"og:image\" content=\"https:\/\/sensua.lv\/wp-content\/uploads\/2024\/11\/komplekts-trauks.jpg\" \/>\n\t<meta property=\"og:image:width\" content=\"1080\" \/>\n\t<meta property=\"og:image:height\" content=\"1350\" \/>\n\t<meta property=\"og:image:type\" content=\"image\/jpeg\" \/>\n<meta name=\"twitter:card\" content=\"summary_large_image\" \/>\n<meta name=\"twitter:label1\" content=\"Estimated reading time\" \/>\n\t<meta name=\"twitter:data1\" content=\"1 minute\" \/>\n<script type=\"application\/ld+json\" class=\"yoast-schema-graph\">{\"@context\":\"https:\/\/schema.org\",\"@graph\":[{\"@type\":\"WebPage\",\"@id\":\"https:\/\/sensua.lv\/veikals\/komplekts-granulu-sveces-daktis-keramikas-trauks\/\",\"url\":\"https:\/\/sensua.lv\/veikals\/komplekts-granulu-sveces-daktis-keramikas-trauks\/\",\"name\":\"Komplekts: Granulu sveces, daktis, keramikas trauks - SENSUA\",\"isPartOf\":{\"@id\":\"https:\/\/sensua.lv\/#website\"},\"primaryImageOfPage\":{\"@id\":\"https:\/\/sensua.lv\/veikals\/komplekts-granulu-sveces-daktis-keramikas-trauks\/#primaryimage\"},\"image\":{\"@id\":\"https:\/\/sensua.lv\/veikals\/komplekts-granulu-sveces-daktis-keramikas-trauks\/#primaryimage\"},\"thumbnailUrl\":\"https:\/\/sensua.lv\/wp-content\/uploads\/2024\/11\/komplekts-trauks.jpg\",\"datePublished\":\"2024-10-31T17:00:58+00:00\",\"dateModified\":\"2026-02-02T09:49:59+00:00\",\"breadcrumb\":{\"@id\":\"https:\/\/sensua.lv\/veikals\/komplekts-granulu-sveces-daktis-keramikas-trauks\/#breadcrumb\"},\"inLanguage\":\"en-GB\",\"potentialAction\":[{\"@type\":\"ReadAction\",\"target\":[\"https:\/\/sensua.lv\/veikals\/komplekts-granulu-sveces-daktis-keramikas-trauks\/\"]}]},{\"@type\":\"ImageObject\",\"inLanguage\":\"en-GB\",\"@id\":\"https:\/\/sensua.lv\/veikals\/komplekts-granulu-sveces-daktis-keramikas-trauks\/#primaryimage\",\"url\":\"https:\/\/sensua.lv\/wp-content\/uploads\/2024\/11\/komplekts-trauks.jpg\",\"contentUrl\":\"https:\/\/sensua.lv\/wp-content\/uploads\/2024\/11\/komplekts-trauks.jpg\",\"width\":1080,\"height\":1350},{\"@type\":\"BreadcrumbList\",\"@id\":\"https:\/\/sensua.lv\/veikals\/komplekts-granulu-sveces-daktis-keramikas-trauks\/#breadcrumb\",\"itemListElement\":[{\"@type\":\"ListItem\",\"position\":1,\"name\":\"Home\",\"item\":\"https:\/\/sensua.lv\/\"},{\"@type\":\"ListItem\",\"position\":2,\"name\":\"Veikals\",\"item\":\"https:\/\/sensua.lv\/veikals\/\"},{\"@type\":\"ListItem\",\"position\":3,\"name\":\"Komplekts: Granulu sveces, daktis, keramikas trauks\"}]},{\"@type\":\"WebSite\",\"@id\":\"https:\/\/sensua.lv\/#website\",\"url\":\"https:\/\/sensua.lv\/\",\"name\":\"SENSUA\",\"description\":\"Dabisks un ekolo\u0123isks gaismas avots tav\u0101s m\u0101j\u0101s\",\"publisher\":{\"@id\":\"https:\/\/sensua.lv\/#organization\"},\"potentialAction\":[{\"@type\":\"SearchAction\",\"target\":{\"@type\":\"EntryPoint\",\"urlTemplate\":\"https:\/\/sensua.lv\/?s={search_term_string}\"},\"query-input\":{\"@type\":\"PropertyValueSpecification\",\"valueRequired\":true,\"valueName\":\"search_term_string\"}}],\"inLanguage\":\"en-GB\"},{\"@type\":\"Organization\",\"@id\":\"https:\/\/sensua.lv\/#organization\",\"name\":\"SENSUA\",\"url\":\"https:\/\/sensua.lv\/\",\"logo\":{\"@type\":\"ImageObject\",\"inLanguage\":\"en-GB\",\"@id\":\"https:\/\/sensua.lv\/#\/schema\/logo\/image\/\",\"url\":\"https:\/\/sensua.lv\/wp-content\/uploads\/2024\/11\/logo.jpg\",\"contentUrl\":\"https:\/\/sensua.lv\/wp-content\/uploads\/2024\/11\/logo.jpg\",\"width\":512,\"height\":512,\"caption\":\"SENSUA\"},\"image\":{\"@id\":\"https:\/\/sensua.lv\/#\/schema\/logo\/image\/\"},\"sameAs\":[\"https:\/\/www.instagram.com\/sensua.products\/\",\"https:\/\/www.tiktok.com\/@sensuaproducts\"]}]}<\/script>\n<!-- \/ Yoast SEO plugin. -->","yoast_head_json":{"title":"Komplekts: Granulu sveces, daktis, keramikas trauks - SENSUA","robots":{"index":"index","follow":"follow","max-snippet":"max-snippet:-1","max-image-preview":"max-image-preview:large","max-video-preview":"max-video-preview:-1"},"canonical":"https:\/\/sensua.lv\/en\/veikals\/komplekts-granulu-sveces-daktis-keramikas-trauks\/","og_locale":"en_GB","og_type":"article","og_title":"Komplekts: Granulu sveces, daktis, keramikas trauks - SENSUA","og_description":"Sensua granulu sveces ir m\u016bsu praktisk\u0101kais produkts, kas nezaud\u0113 savu vizu\u0101lo pievilc\u012bbu. T\u0101s izgatavotas no dabisk\u0101m sast\u0101vda\u013c\u0101m, kas nesatur naftas produktus, un pild\u0101mas elegantos traukos, \u0101tri pie\u0161\u0137irot svecei v\u0113lamo veidolu.  Komplekt\u0101 iek\u013cauts viss, kas nepiecie\u0161ams, lai rad\u012btu relaks\u0113jo\u0161u vakara atmosf\u0113ru.  \u2014 Keramikas trauks d24cm \/ h6cm \u2014 1 kg granulu sveces \u2014 20 gab daktis","og_url":"https:\/\/sensua.lv\/en\/veikals\/komplekts-granulu-sveces-daktis-keramikas-trauks\/","og_site_name":"SENSUA","article_modified_time":"2026-02-02T09:49:59+00:00","og_image":[{"width":1080,"height":1350,"url":"https:\/\/sensua.lv\/wp-content\/uploads\/2024\/11\/komplekts-trauks.jpg","type":"image\/jpeg"}],"twitter_card":"summary_large_image","twitter_misc":{"Estimated reading time":"1 minute"},"schema":{"@context":"https:\/\/schema.org","@graph":[{"@type":"WebPage","@id":"https:\/\/sensua.lv\/veikals\/komplekts-granulu-sveces-daktis-keramikas-trauks\/","url":"https:\/\/sensua.lv\/veikals\/komplekts-granulu-sveces-daktis-keramikas-trauks\/","name":"Komplekts: Granulu sveces, daktis, keramikas trauks - SENSUA","isPartOf":{"@id":"https:\/\/sensua.lv\/#website"},"primaryImageOfPage":{"@id":"https:\/\/sensua.lv\/veikals\/komplekts-granulu-sveces-daktis-keramikas-trauks\/#primaryimage"},"image":{"@id":"https:\/\/sensua.lv\/veikals\/komplekts-granulu-sveces-daktis-keramikas-trauks\/#primaryimage"},"thumbnailUrl":"https:\/\/sensua.lv\/wp-content\/uploads\/2024\/11\/komplekts-trauks.jpg","datePublished":"2024-10-31T17:00:58+00:00","dateModified":"2026-02-02T09:49:59+00:00","breadcrumb":{"@id":"https:\/\/sensua.lv\/veikals\/komplekts-granulu-sveces-daktis-keramikas-trauks\/#breadcrumb"},"inLanguage":"en-GB","potentialAction":[{"@type":"ReadAction","target":["https:\/\/sensua.lv\/veikals\/komplekts-granulu-sveces-daktis-keramikas-trauks\/"]}]},{"@type":"ImageObject","inLanguage":"en-GB","@id":"https:\/\/sensua.lv\/veikals\/komplekts-granulu-sveces-daktis-keramikas-trauks\/#primaryimage","url":"https:\/\/sensua.lv\/wp-content\/uploads\/2024\/11\/komplekts-trauks.jpg","contentUrl":"https:\/\/sensua.lv\/wp-content\/uploads\/2024\/11\/komplekts-trauks.jpg","width":1080,"height":1350},{"@type":"BreadcrumbList","@id":"https:\/\/sensua.lv\/veikals\/komplekts-granulu-sveces-daktis-keramikas-trauks\/#breadcrumb","itemListElement":[{"@type":"ListItem","position":1,"name":"Home","item":"https:\/\/sensua.lv\/"},{"@type":"ListItem","position":2,"name":"Veikals","item":"https:\/\/sensua.lv\/veikals\/"},{"@type":"ListItem","position":3,"name":"Komplekts: Granulu sveces, daktis, keramikas trauks"}]},{"@type":"WebSite","@id":"https:\/\/sensua.lv\/#website","url":"https:\/\/sensua.lv\/","name":"SENSUA","description":"Dabisks un ekolo\u0123isks gaismas avots tav\u0101s m\u0101j\u0101s","publisher":{"@id":"https:\/\/sensua.lv\/#organization"},"potentialAction":[{"@type":"SearchAction","target":{"@type":"EntryPoint","urlTemplate":"https:\/\/sensua.lv\/?s={search_term_string}"},"query-input":{"@type":"PropertyValueSpecification","valueRequired":true,"valueName":"search_term_string"}}],"inLanguage":"en-GB"},{"@type":"Organization","@id":"https:\/\/sensua.lv\/#organization","name":"SENSUA","url":"https:\/\/sensua.lv\/","logo":{"@type":"ImageObject","inLanguage":"en-GB","@id":"https:\/\/sensua.lv\/#\/schema\/logo\/image\/","url":"https:\/\/sensua.lv\/wp-content\/uploads\/2024\/11\/logo.jpg","contentUrl":"https:\/\/sensua.lv\/wp-content\/uploads\/2024\/11\/logo.jpg","width":512,"height":512,"caption":"SENSUA"},"image":{"@id":"https:\/\/sensua.lv\/#\/schema\/logo\/image\/"},"sameAs":["https:\/\/www.instagram.com\/sensua.products\/","https:\/\/www.tiktok.com\/@sensuaproducts"]}]}},"_links":{"self":[{"href":"https:\/\/sensua.lv\/en\/wp-json\/wp\/v2\/product\/5469","targetHints":{"allow":["GET"]}}],"collection":[{"href":"https:\/\/sensua.lv\/en\/wp-json\/wp\/v2\/product"}],"about":[{"href":"https:\/\/sensua.lv\/en\/wp-json\/wp\/v2\/types\/product"}],"replies":[{"embeddable":true,"href":"https:\/\/sensua.lv\/en\/wp-json\/wp\/v2\/comments?post=5469"}],"wp:featuredmedia":[{"embeddable":true,"href":"https:\/\/sensua.lv\/en\/wp-json\/wp\/v2\/media\/5470"}],"wp:attachment":[{"href":"https:\/\/sensua.lv\/en\/wp-json\/wp\/v2\/media?parent=5469"}],"wp:term":[{"taxonomy":"product_brand","embeddable":true,"href":"https:\/\/sensua.lv\/en\/wp-json\/wp\/v2\/product_brand?post=5469"},{"taxonomy":"product_cat","embeddable":true,"href":"https:\/\/sensua.lv\/en\/wp-json\/wp\/v2\/product_cat?post=5469"},{"taxonomy":"product_tag","embeddable":true,"href":"https:\/\/sensua.lv\/en\/wp-json\/wp\/v2\/product_tag?post=5469"}],"curies":[{"name":"wp","href":"https:\/\/api.w.org\/{rel}","templated":true}]}}