{"id":5303,"date":"2024-11-01T08:40:12","date_gmt":"2024-11-01T06:40:12","guid":{"rendered":"https:\/\/sensua.lv\/?page_id=5303"},"modified":"2024-11-01T09:18:07","modified_gmt":"2024-11-01T07:18:07","slug":"drosibas-noteikumi","status":"publish","type":"page","link":"https:\/\/sensua.lv\/en\/drosibas-noteikumi\/","title":{"rendered":"Dro\u0161\u012bbas noteikumi"},"content":{"rendered":"<section class=\"vc_row vc_custom_1730445449125 liquid-row-shadowbox-69e5b6c27c476\"><div class=\"ld-container container\"><div class=\"row ld-row ld-row-outer\"><div class=\"wpb_column vc_column_container vc_col-sm-12 vc_col-md-offset-2 vc_col-md-8 liquid-column-69e5b6c27d229\"><div class=\"vc_column-inner\" ><div class=\"wpb_wrapper\"  ><style>.ld_fancy_heading_69e5b6c27d375 h2 {font-size:35px; } @media (min-width: 992px) { .ld_fancy_heading_69e5b6c27d375 h2 {font-size:45px; }  } .ld_fancy_heading_69e5b6c27d375 h2 {margin-bottom:50px !important;  } .ld_fancy_heading_69e5b6c27d375 .lqd-highlight-inner{height:0.275em!important;bottom:0px!important;}.ld_fancy_heading_69e5b6c27d375 h2 {font-size:35px; } @media (min-width: 992px) { .ld_fancy_heading_69e5b6c27d375 h2 {font-size:45px; }  } .ld_fancy_heading_69e5b6c27d375 h2 {margin-bottom:50px !important;  } <\/style><div class=\"ld-fancy-heading text-center ld_fancy_heading_69e5b6c27d375\">\n\t<h2 class=\"ld-fh-element lqd-highlight-underline lqd-highlight-grow-left text-decoration-default\"   >  Dro\u0161\u012bbas noteikumi<\/h2><\/div>\n\t<div class=\"wpb_text_column wpb_content_element  vc_custom_1730443611620\" >\n\t\t<div class=\"wpb_wrapper\">\n\t\t\t<h4>Lai sveces un citus Sensua produktus lietotu dro\u0161i, aicin\u0101m iepaz\u012bties ar dro\u0161\u012bbas noteikumiem un tos iev\u0113rot preces lieto\u0161anas laik\u0101!<\/h4>\n<p>\u2014 Nogrieziet dakti l\u012bdz 5 mm;<br \/>\n\u2014 Neatst\u0101jiet dego\u0161u sveci bez uzraudz\u012bbas;<br \/>\n\u2014 Neizmantojiet \u016bdeni sveces dz\u0113\u0161anai, karst\u0101 vaska d\u0113\u013c;<br \/>\n\u2014 Nodz\u0113st liesmu ar specializ\u0113tu r\u012bku, nenop\u016btiet to;<br \/>\n\u2014 Novietojiet sveci vertik\u0101li;<br \/>\n\u2014 Neatst\u0101jiet caurv\u0113j\u0101;<br \/>\n\u2014 Turiet t\u0101l\u0101k no liet\u0101m, kas var aizdegties;<br \/>\n\u2014 Nep\u0101rvietojiet dego\u0161u sveci;<br \/>\n\u2014 Sarg\u0101t no b\u0113rniem un m\u0101jdz\u012bvniekiem.<\/p>\n\n\t\t<\/div>\n\t<\/div>\n<\/div><\/div><\/div><\/div><\/div><\/section>","protected":false},"excerpt":{"rendered":"Dro\u0161\u012bbas noteikumi Lai sveces un citus Sensua produktus lietotu dro\u0161i, aicin\u0101m iepaz\u012bties ar dro\u0161\u012bbas noteikumiem un tos iev\u0113rot preces lieto\u0161anas laik\u0101! \u2014 Nogrieziet dakti l\u012bdz 5 mm; \u2014 Neatst\u0101jiet dego\u0161u sveci bez uzraudz\u012bbas; \u2014 Neizmantojiet \u016bdeni sveces dz\u0113\u0161anai, karst\u0101 vaska d\u0113\u013c; \u2014 Nodz\u0113st liesmu ar specializ\u0113tu r\u012bku, nenop\u016btiet to; \u2014 Novietojiet sveci vertik\u0101li; \u2014 Neatst\u0101jiet [...]","protected":false},"author":1,"featured_media":0,"parent":0,"menu_order":0,"comment_status":"closed","ping_status":"closed","template":"","meta":{"footnotes":""},"class_list":["post-5303","page","type-page","status-publish","hentry"],"yoast_head":"<!-- This site is optimized with the Yoast SEO plugin v26.9 - https:\/\/yoast.com\/product\/yoast-seo-wordpress\/ -->\n<title>Dro\u0161\u012bbas noteikumi - SENSUA<\/title>\n<meta name=\"robots\" content=\"index, follow, max-snippet:-1, max-image-preview:large, max-video-preview:-1\" \/>\n<link rel=\"canonical\" href=\"https:\/\/sensua.lv\/en\/drosibas-noteikumi\/\" \/>\n<meta property=\"og:locale\" content=\"en_GB\" \/>\n<meta property=\"og:type\" content=\"article\" \/>\n<meta property=\"og:title\" content=\"Dro\u0161\u012bbas noteikumi - SENSUA\" \/>\n<meta property=\"og:url\" content=\"https:\/\/sensua.lv\/en\/drosibas-noteikumi\/\" \/>\n<meta property=\"og:site_name\" content=\"SENSUA\" \/>\n<meta property=\"article:modified_time\" content=\"2024-11-01T07:18:07+00:00\" \/>\n<meta name=\"twitter:card\" content=\"summary_large_image\" \/>\n<meta name=\"twitter:label1\" content=\"Estimated reading time\" \/>\n\t<meta name=\"twitter:data1\" content=\"1 minute\" \/>\n<script type=\"application\/ld+json\" class=\"yoast-schema-graph\">{\"@context\":\"https:\/\/schema.org\",\"@graph\":[{\"@type\":\"WebPage\",\"@id\":\"https:\/\/sensua.lv\/drosibas-noteikumi\/\",\"url\":\"https:\/\/sensua.lv\/drosibas-noteikumi\/\",\"name\":\"Dro\u0161\u012bbas noteikumi - SENSUA\",\"isPartOf\":{\"@id\":\"https:\/\/sensua.lv\/#website\"},\"datePublished\":\"2024-11-01T06:40:12+00:00\",\"dateModified\":\"2024-11-01T07:18:07+00:00\",\"breadcrumb\":{\"@id\":\"https:\/\/sensua.lv\/drosibas-noteikumi\/#breadcrumb\"},\"inLanguage\":\"en-GB\",\"potentialAction\":[{\"@type\":\"ReadAction\",\"target\":[\"https:\/\/sensua.lv\/drosibas-noteikumi\/\"]}]},{\"@type\":\"BreadcrumbList\",\"@id\":\"https:\/\/sensua.lv\/drosibas-noteikumi\/#breadcrumb\",\"itemListElement\":[{\"@type\":\"ListItem\",\"position\":1,\"name\":\"Home\",\"item\":\"https:\/\/sensua.lv\/\"},{\"@type\":\"ListItem\",\"position\":2,\"name\":\"Dro\u0161\u012bbas noteikumi\"}]},{\"@type\":\"WebSite\",\"@id\":\"https:\/\/sensua.lv\/#website\",\"url\":\"https:\/\/sensua.lv\/\",\"name\":\"SENSUA\",\"description\":\"Dabisks un ekolo\u0123isks gaismas avots tav\u0101s m\u0101j\u0101s\",\"publisher\":{\"@id\":\"https:\/\/sensua.lv\/#organization\"},\"potentialAction\":[{\"@type\":\"SearchAction\",\"target\":{\"@type\":\"EntryPoint\",\"urlTemplate\":\"https:\/\/sensua.lv\/?s={search_term_string}\"},\"query-input\":{\"@type\":\"PropertyValueSpecification\",\"valueRequired\":true,\"valueName\":\"search_term_string\"}}],\"inLanguage\":\"en-GB\"},{\"@type\":\"Organization\",\"@id\":\"https:\/\/sensua.lv\/#organization\",\"name\":\"SENSUA\",\"url\":\"https:\/\/sensua.lv\/\",\"logo\":{\"@type\":\"ImageObject\",\"inLanguage\":\"en-GB\",\"@id\":\"https:\/\/sensua.lv\/#\/schema\/logo\/image\/\",\"url\":\"https:\/\/sensua.lv\/wp-content\/uploads\/2024\/11\/logo.jpg\",\"contentUrl\":\"https:\/\/sensua.lv\/wp-content\/uploads\/2024\/11\/logo.jpg\",\"width\":512,\"height\":512,\"caption\":\"SENSUA\"},\"image\":{\"@id\":\"https:\/\/sensua.lv\/#\/schema\/logo\/image\/\"},\"sameAs\":[\"https:\/\/www.instagram.com\/sensua.products\/\",\"https:\/\/www.tiktok.com\/@sensuaproducts\"]}]}<\/script>\n<!-- \/ Yoast SEO plugin. -->","yoast_head_json":{"title":"Dro\u0161\u012bbas noteikumi - SENSUA","robots":{"index":"index","follow":"follow","max-snippet":"max-snippet:-1","max-image-preview":"max-image-preview:large","max-video-preview":"max-video-preview:-1"},"canonical":"https:\/\/sensua.lv\/en\/drosibas-noteikumi\/","og_locale":"en_GB","og_type":"article","og_title":"Dro\u0161\u012bbas noteikumi - SENSUA","og_url":"https:\/\/sensua.lv\/en\/drosibas-noteikumi\/","og_site_name":"SENSUA","article_modified_time":"2024-11-01T07:18:07+00:00","twitter_card":"summary_large_image","twitter_misc":{"Estimated reading time":"1 minute"},"schema":{"@context":"https:\/\/schema.org","@graph":[{"@type":"WebPage","@id":"https:\/\/sensua.lv\/drosibas-noteikumi\/","url":"https:\/\/sensua.lv\/drosibas-noteikumi\/","name":"Dro\u0161\u012bbas noteikumi - SENSUA","isPartOf":{"@id":"https:\/\/sensua.lv\/#website"},"datePublished":"2024-11-01T06:40:12+00:00","dateModified":"2024-11-01T07:18:07+00:00","breadcrumb":{"@id":"https:\/\/sensua.lv\/drosibas-noteikumi\/#breadcrumb"},"inLanguage":"en-GB","potentialAction":[{"@type":"ReadAction","target":["https:\/\/sensua.lv\/drosibas-noteikumi\/"]}]},{"@type":"BreadcrumbList","@id":"https:\/\/sensua.lv\/drosibas-noteikumi\/#breadcrumb","itemListElement":[{"@type":"ListItem","position":1,"name":"Home","item":"https:\/\/sensua.lv\/"},{"@type":"ListItem","position":2,"name":"Dro\u0161\u012bbas noteikumi"}]},{"@type":"WebSite","@id":"https:\/\/sensua.lv\/#website","url":"https:\/\/sensua.lv\/","name":"SENSUA","description":"Dabisks un ekolo\u0123isks gaismas avots tav\u0101s m\u0101j\u0101s","publisher":{"@id":"https:\/\/sensua.lv\/#organization"},"potentialAction":[{"@type":"SearchAction","target":{"@type":"EntryPoint","urlTemplate":"https:\/\/sensua.lv\/?s={search_term_string}"},"query-input":{"@type":"PropertyValueSpecification","valueRequired":true,"valueName":"search_term_string"}}],"inLanguage":"en-GB"},{"@type":"Organization","@id":"https:\/\/sensua.lv\/#organization","name":"SENSUA","url":"https:\/\/sensua.lv\/","logo":{"@type":"ImageObject","inLanguage":"en-GB","@id":"https:\/\/sensua.lv\/#\/schema\/logo\/image\/","url":"https:\/\/sensua.lv\/wp-content\/uploads\/2024\/11\/logo.jpg","contentUrl":"https:\/\/sensua.lv\/wp-content\/uploads\/2024\/11\/logo.jpg","width":512,"height":512,"caption":"SENSUA"},"image":{"@id":"https:\/\/sensua.lv\/#\/schema\/logo\/image\/"},"sameAs":["https:\/\/www.instagram.com\/sensua.products\/","https:\/\/www.tiktok.com\/@sensuaproducts"]}]}},"_links":{"self":[{"href":"https:\/\/sensua.lv\/en\/wp-json\/wp\/v2\/pages\/5303","targetHints":{"allow":["GET"]}}],"collection":[{"href":"https:\/\/sensua.lv\/en\/wp-json\/wp\/v2\/pages"}],"about":[{"href":"https:\/\/sensua.lv\/en\/wp-json\/wp\/v2\/types\/page"}],"author":[{"embeddable":true,"href":"https:\/\/sensua.lv\/en\/wp-json\/wp\/v2\/users\/1"}],"replies":[{"embeddable":true,"href":"https:\/\/sensua.lv\/en\/wp-json\/wp\/v2\/comments?post=5303"}],"version-history":[{"count":10,"href":"https:\/\/sensua.lv\/en\/wp-json\/wp\/v2\/pages\/5303\/revisions"}],"predecessor-version":[{"id":5320,"href":"https:\/\/sensua.lv\/en\/wp-json\/wp\/v2\/pages\/5303\/revisions\/5320"}],"wp:attachment":[{"href":"https:\/\/sensua.lv\/en\/wp-json\/wp\/v2\/media?parent=5303"}],"curies":[{"name":"wp","href":"https:\/\/api.w.org\/{rel}","templated":true}]}}