{"id":5262,"date":"2024-10-31T16:30:49","date_gmt":"2024-10-31T14:30:49","guid":{"rendered":"https:\/\/sensua.lv\/?page_id=5262"},"modified":"2025-11-20T16:54:35","modified_gmt":"2025-11-20T14:54:35","slug":"kontakti","status":"publish","type":"page","link":"https:\/\/sensua.lv\/en\/kontakti\/","title":{"rendered":"Kontakti"},"content":{"rendered":"<section class=\"vc_row liquid-row-shadowbox-69e5b9aa32327 vc_column-gap-0\"><div class=\"ld-container container-fluid\"><div class=\"row ld-row ld-row-outer vc_row-o-equal-height vc_row-o-content-middle vc_row-flex\"><div class=\"wpb_column vc_column_container vc_col-sm-6 vc_hidden-sm vc_hidden-xs liquid-column-69e5b9aa3274c\"><div class=\"vc_column-inner\" ><div class=\"wpb_wrapper\"  ><div class=\"ld-gmap-container ld_google_map_69e5b9aa32806\" id=\"ld_google_map_69e5b9aa32806\" style=\"height: 680px\">\n\n\t<div class=\"ld-gmap\" data-plugin-map=\"true\" data-plugin-options='{\"style\":\"classic\",\"address\":\"Liel\\u0101 iela 49 \\u2013 1, M\\u0101rupe\",\"marker\":\"https:\\\/\\\/sensua.lv\\\/wp-content\\\/plugins\\\/hub-core\\\/assets\\\/img\\\/markers\\\/map-pin.svg\",\"markers\":null,\"map\":{\"zoom\":15,\"mapTypeId\":\"roadmap\",\"fullscreenControl\":true},\"marker_style\":\"html\"}'><\/div>\n\n<\/div><\/div><\/div><\/div><div class=\"wpb_column vc_column_container vc_col-sm-6 liquid-column-69e5b9aa33a36 lqd-column-top-ontablet lqd-column-top-onmobile\"><div class=\"vc_column-inner  vc_custom_1694005555402\" ><div class=\"wpb_wrapper\"  ><style>.ld_fancy_heading_69e5b9aa33bae h3 {margin-bottom:1em !important;  } .ld_fancy_heading_69e5b9aa33bae .lqd-highlight-inner{height:0.275em!important;bottom:0px!important;}.ld_fancy_heading_69e5b9aa33bae h3 {margin-bottom:1em !important;  } <\/style><div class=\"ld-fancy-heading ld_fancy_heading_69e5b9aa33bae\">\n\t<h3 class=\"ld-fh-element lqd-highlight-underline lqd-highlight-grow-left text-decoration-default\"   >  \u0112rt\u0101kai sazi\u0146ai, izmantojiet zem\u0101k redzamo formu.<\/h3><\/div><style>.ld_fancy_heading_69e5b9aa382e4 p {margin-bottom:2em !important;  } @media (min-width: 992px) { .ld_fancy_heading_69e5b9aa382e4 p {margin-right:2vw !important;  }  } .ld_fancy_heading_69e5b9aa382e4 .lqd-highlight-inner{height:0.275em!important;bottom:0px!important;}.ld_fancy_heading_69e5b9aa382e4 p {margin-bottom:2em !important;  } @media (min-width: 992px) { .ld_fancy_heading_69e5b9aa382e4 p {margin-right:2vw !important;  }  } <\/style><div class=\"ld-fancy-heading ld_fancy_heading_69e5b9aa382e4\">\n\t<p class=\"ld-fh-element lqd-highlight-underline lqd-highlight-grow-left text-decoration-default\"   >  Jaut\u0101jumi par pas\u016bt\u012bjumiem rakstot uz <a href=\"mailto:sensua@sensua.lv\" target=\"_blank\" rel=\"noopener\">sensua@sensua.lv<\/a> vai zvanot <a href=\"tel:+37127747553\" target=\"_blank\" rel=\"noopener\">+371 27747553<\/a><\/p><\/div><style>.ld_cf7_69e5b9aa38a95 input,.ld_cf7_69e5b9aa38a95 textarea,.ld_cf7_69e5b9aa38a95 .ui-button.ui-selectmenu-button{font-size:14px;font-weight:400;}.ld_cf7_69e5b9aa38a95 input[type=\"submit\"]{background:rgb(0, 0, 0);color:rgb(255, 255, 255);border-color:rgb(0, 0, 0);}.ld_cf7_69e5b9aa38a95 input, .ld_cf7_69e5b9aa38a95 select, .ld_cf7_69e5b9aa38a95 textarea, .ld_cf7_69e5b9aa38a95 .ui-button.ui-selectmenu-button{background:rgb(255, 255, 255);}.ld_cf7_69e5b9aa38a95 input, .ld_cf7_69e5b9aa38a95 select, .ld_cf7_69e5b9aa38a95 textarea, .ld_cf7_69e5b9aa38a95 .ui-button.ui-selectmenu-button, .ld_cf7_69e5b9aa38a95 .wpcf7-form-control-wrap > i, .ld_cf7_69e5b9aa38a95 .wpcf7-radio{color:#151f28;}.ld_cf7_69e5b9aa38a95 input[type=\"submit\"]:focus,.ld_cf7_69e5b9aa38a95 input[type=\"submit\"]:hover{background:rgb(106, 106, 106);}.ld_cf7_69e5b9aa38a95 input[type=\"submit\"]:hover{border-color:rgb(106, 106, 106);}.ld_cf7_69e5b9aa38a95 .wpcf7-form-control-wrap{margin-bottom:20px;}<\/style><div id=\"ld_cf7_69e5b9aa38a95\" class=\"lqd-contact-form lqd-contact-form-inputs-filled lqd-contact-form-inputs-circle lqd-contact-form-button-md lqd-contact-form-button-circle ld_cf7_69e5b9aa38a95 vc_custom_1763576309342\">\n\t\n<div class=\"wpcf7 no-js\" id=\"wpcf7-f9-o1\" lang=\"en-GB\" dir=\"ltr\" data-wpcf7-id=\"9\">\n<div class=\"screen-reader-response\"><p role=\"status\" aria-live=\"polite\" aria-atomic=\"true\"><\/p> <ul><\/ul><\/div>\n<form action=\"\/en\/wp-json\/wp\/v2\/pages\/5262#wpcf7-f9-o1\" method=\"post\" class=\"wpcf7-form init wpcf7-acceptance-as-validation\" aria-label=\"Contact form\" novalidate=\"novalidate\" data-status=\"init\" data-trp-original-action=\"\/en\/wp-json\/wp\/v2\/pages\/5262#wpcf7-f9-o1\">\n<fieldset class=\"hidden-fields-container\"><input type=\"hidden\" name=\"_wpcf7\" value=\"9\" \/><input type=\"hidden\" name=\"_wpcf7_version\" value=\"6.1.5\" \/><input type=\"hidden\" name=\"_wpcf7_locale\" value=\"en_GB\" \/><input type=\"hidden\" name=\"_wpcf7_unit_tag\" value=\"wpcf7-f9-o1\" \/><input type=\"hidden\" name=\"_wpcf7_container_post\" value=\"0\" \/><input type=\"hidden\" name=\"_wpcf7_posted_data_hash\" value=\"\" \/>\n<\/fieldset>\n<div class=\"row\">\n\t<div class=\"col-md-12\">\n\t\t<p><span class=\"wpcf7-form-control-wrap\" data-name=\"full-name\"><input size=\"40\" maxlength=\"400\" class=\"wpcf7-form-control wpcf7-text wpcf7-validates-as-required\" aria-required=\"true\" aria-invalid=\"false\" placeholder=\"J\u016bsu v\u0101rds\" value=\"\" type=\"text\" name=\"full-name\" \/><\/span><i class=\"lqd-icn-ess icon-lqd-user\"><\/i>\n\t\t<\/p>\n\t<\/div>\n\t<div class=\"col-md-6\">\n\t\t<p><span class=\"wpcf7-form-control-wrap\" data-name=\"your-email\"><input size=\"40\" maxlength=\"400\" class=\"wpcf7-form-control wpcf7-email wpcf7-validates-as-required wpcf7-text wpcf7-validates-as-email\" aria-required=\"true\" aria-invalid=\"false\" placeholder=\"E-pasts\" value=\"\" type=\"email\" name=\"your-email\" \/><\/span><i class=\"lqd-icn-ess icon-lqd-envelope\"><\/i>\n\t\t<\/p>\n\t<\/div>\n\t<div class=\"col-md-6\">\n\t\t<p><span class=\"wpcf7-form-control-wrap\" data-name=\"your-telephone\"><input size=\"40\" maxlength=\"400\" class=\"wpcf7-form-control wpcf7-tel wpcf7-text wpcf7-validates-as-tel\" aria-invalid=\"false\" placeholder=\"Telefons\" value=\"\" type=\"tel\" name=\"your-telephone\" \/><\/span><i class=\"lqd-icn-ess icon-speech-bubble\"><\/i>\n\t\t<\/p>\n\t<\/div>\n\t<div class=\"col-md-12\">\n\t\t<p><span class=\"wpcf7-form-control-wrap\" data-name=\"your-message\"><textarea cols=\"10\" rows=\"4\" maxlength=\"2000\" class=\"wpcf7-form-control wpcf7-textarea wpcf7-validates-as-required\" aria-required=\"true\" aria-invalid=\"false\" placeholder=\"J\u016bsu zi\u0146a\" name=\"your-message\"><\/textarea><\/span>\n\t\t<\/p>\n\t<\/div>\n\t<div class=\"col-md-12\">\n\t\t<p><span class=\"wpcf7-form-control-wrap\" data-name=\"acceptance-89\"><span class=\"wpcf7-form-control wpcf7-acceptance\"><span class=\"wpcf7-list-item\"><label><input type=\"checkbox\" name=\"acceptance-89\" value=\"1\" checked=\"checked\" aria-invalid=\"false\" \/><span class=\"wpcf7-list-item-label\"><span>Atst\u0101jot atz\u012bm\u0113tu lodzi\u0146u, J\u016bs piekr\u012btat m\u016bsu <a href=\"https:\/\/sensua.lv\/en\/privatuma-politika\/\" target=\"_blank\">priv\u0101tuma politikai<\/a>, lai ar Jums sazin\u0101tos.<\/span><\/span><\/label><\/span><\/span><\/span>\n\t\t<\/p>\n\t<\/div>\n\t<div class=\"col-md-12\">\n\t\t<p><input class=\"wpcf7-form-control wpcf7-submit has-spinner\" type=\"submit\" value=\"NOS\u016aT\u012aT\" \/>\n\t\t<\/p>\n\t<\/div>\n<\/div><div class=\"wpcf7-response-output\" aria-hidden=\"true\"><\/div>\n<input type=\"hidden\" name=\"trp-form-language\" value=\"en\"\/><\/form>\n<\/div>\n<\/div><\/div><\/div><\/div><\/div><\/div><\/section><style>@media (min-width: 992px) { .liquid-row-responsive-69e5b9aa39562 {padding-top:100px !important; padding-bottom:100px !important;  }  }    <\/style><section id=\"rekviziti\" data-row-bg=\"https:\/\/sensua.lv\/wp-content\/uploads\/2024\/10\/title_bg.jpg?id=5275\" data-bg-image=\"url\" class=\"vc_row vc_custom_1763576184035 liquid-row-responsive-69e5b9aa39562 liquid-row-shadowbox-69e5b9aa39584 vc_row-has-fill vc_row-has-bg lqd-has-bg-markup row-bg-appended\"><span class=\"row-bg-loader\"><\/span><div class=\"row-bg-wrap\">\n\t\t<div class=\"row-bg-inner\">\n\t\t\t<figure class=\"row-bg\" ><\/figure>\n\t\t<\/div>\n\t<\/div><div class=\"ld-container container\"><div class=\"row ld-row ld-row-outer\"><div class=\"wpb_column vc_column_container vc_col-sm-12 vc_col-md-offset-6 vc_col-md-6 text-center liquid-column-69e5b9aa397ef\"><div class=\"vc_column-inner\" ><div class=\"wpb_wrapper\"  data-custom-animations=\"true\" data-ca-options='{\"triggerHandler\":\"inview\",\"animationTarget\":\"all-childs\",\"duration\":\"1800\",\"delay\":\"180\",\"ease\":\"power4.out\",\"direction\":\"forward\",\"initValues\":{\"y\":35,\"transformOriginX\":50,\"transformOriginY\":50,\"transformOriginZ\":\"0px\",\"opacity\":0},\"animations\":{\"y\":0,\"transformOriginX\":50,\"transformOriginY\":50,\"transformOriginZ\":\"0px\",\"opacity\":1}}'><style>.ld_fancy_heading_69e5b9aa399e8 h2{color:rgb(255, 255, 255);}.ld_fancy_heading_69e5b9aa399e8 h2 {margin-bottom:1.5em !important;  } .ld_fancy_heading_69e5b9aa399e8 .lqd-highlight-inner{height:0.275em!important;bottom:0px!important;}.ld_fancy_heading_69e5b9aa399e8 h2 {margin-bottom:1.5em !important;  } <\/style><div class=\"ld-fancy-heading ld_fancy_heading_69e5b9aa399e8\">\n\t<h2 class=\"ld-fh-element lqd-highlight-underline lqd-highlight-grow-left text-decoration-default\"   >  M\u016bsu rekviz\u012bti<\/h2><\/div><\/div><\/div><\/div><div class=\"wpb_column vc_column_container vc_col-sm-12 liquid-column-69e5b9aa3a01a\"><div class=\"vc_column-inner\" ><div class=\"wpb_wrapper\"  ><div class=\"vc_row vc_inner vc_row-fluid liquid-row-shadowbox-69e5b9aa3a12b\"><div class=\"ld-container container\"><div class=\"row ld-row ld-row-inner\"><div class=\"wpb_column vc_column_container vc_col-sm-6 liquid-column-69e5b9aa3a250\"><div class=\"vc_column-inner\" ><div class=\"wpb_wrapper\" ><\/div><\/div><\/div><style>@media (min-width: 992px) { .liquid-column-responsive-69e5b9aa3a34f > .vc_column-inner {margin-top:0px !important;  }  } .liquid-column-69e5b9aa3a34d > .vc_column-inner { box-shadow:0px 10px 40px 0px rgba(0, 0, 0, 0.1)}<\/style><div class=\"wpb_column vc_column_container vc_col-sm-6 vc_col-md-offset-1 vc_col-md-4 liquid-column-69e5b9aa3a34d liquid-column-responsive-69e5b9aa3a34f vc_col-has-fill\"><div class=\"vc_column-inner vc_custom_1694172900227\" ><div class=\"wpb_wrapper\" ><style>.ld_icon_box_69e5b9aa3a48a .iconbox-icon-container{color:rgb(0, 0, 0);font-size:18px;margin-inline-end:20px !important;border-radius:px;}.ld_icon_box_69e5b9aa3a48a .lqd-iconbox-title{margin-bottom:px;font-size:16px;}<\/style>\n<div class=\"iconbox iconbox-inline text-left ld_icon_box_69e5b9aa3a48a\" id=\"ld_icon_box_69e5b9aa3a48a\"  data-animate-icon=\"true\" data-plugin-options='{\"color\":\"rgb(0, 0, 0)\"}'  >\n\t\n\t\t\t\t\t\n\t\n\t<div class=\"iconbox-icon-wrap\"><span class=\"iconbox-icon-container\"><i class=\"far fa-building\"><\/i><\/span><\/div>\t\n\t<h3 class=\"lqd-iconbox-title font-weight-normal\">SIA Morning To Dawn<\/h3>\t\n\t\t\n\t\t\n\t\t\t\t\n\t\t\n\t\n<\/div>\n<style>.ld_icon_box_69e5b9aa3ab9b .iconbox-icon-container{color:rgb(0, 0, 0);font-size:18px;margin-inline-end:20px !important;border-radius:px;}.ld_icon_box_69e5b9aa3ab9b .lqd-iconbox-title{margin-bottom:px;font-size:16px;}<\/style>\n<div class=\"iconbox iconbox-inline text-left ld_icon_box_69e5b9aa3ab9b\" id=\"ld_icon_box_69e5b9aa3ab9b\"  data-animate-icon=\"true\" data-plugin-options='{\"color\":\"rgb(0, 0, 0)\"}'  >\n\t\n\t\t\t\t\t\n\t\n\t<div class=\"iconbox-icon-wrap\"><span class=\"iconbox-icon-container\"><i class=\"far fa-registered\"><\/i><\/span><\/div>\t\n\t<h3 class=\"lqd-iconbox-title font-weight-normal\">Re\u0123. nr. 50203632421<\/h3>\t\n\t\t\n\t\t\n\t\t\t\t\n\t\t\n\t\n<\/div>\n<style>.ld_icon_box_69e5b9aa3b5fa .iconbox-icon-container{color:rgb(0, 0, 0);font-size:18px;margin-inline-end:20px !important;border-radius:px;}.ld_icon_box_69e5b9aa3b5fa .lqd-iconbox-title{margin-bottom:px;font-size:16px;}<\/style>\n<div class=\"iconbox iconbox-inline text-left ld_icon_box_69e5b9aa3b5fa\" id=\"ld_icon_box_69e5b9aa3b5fa\"  data-animate-icon=\"true\" data-plugin-options='{\"color\":\"rgb(0, 0, 0)\"}'  >\n\t\n\t\t\t\t\t\n\t\n\t<div class=\"iconbox-icon-wrap\"><span class=\"iconbox-icon-container\"><i class=\"fas fa-map-marker-alt\"><\/i><\/span><\/div>\t\n\t<h3 class=\"lqd-iconbox-title font-weight-light\">Liel\u0101 iela 49 \u2013 1, M\u0101rupe, LV-2167<\/h3>\t\n\t\t\n\t\t\n\t\t\t\t\n\t\t\n\t\n<\/div>\n<\/div><\/div><\/div><\/div><\/div><\/div><\/div><\/div><\/div><\/div><\/div><\/section>","protected":false},"excerpt":{"rendered":"\u0112rt\u0101kai sazi\u0146ai, izmantojiet zem\u0101k redzamo formu. Jaut\u0101jumi par pas\u016bt\u012bjumiem rakstot uz sensua@sensua.lv vai zvanot +371 27747553 Atst\u0101jot atz\u012bm\u0113tu lodzi\u0146u, J\u016bs piekr\u012btat m\u016bsu priv\u0101tuma politikai, lai ar Jums sazin\u0101tos. M\u016bsu rekviz\u012bti SIA Morning To Dawn Re\u0123. nr. 50203632421 Liel\u0101 iela 49 \u2013 1, M\u0101rupe, LV-2167","protected":false},"author":1,"featured_media":0,"parent":0,"menu_order":0,"comment_status":"closed","ping_status":"closed","template":"","meta":{"footnotes":""},"class_list":["post-5262","page","type-page","status-publish","hentry"],"yoast_head":"<!-- This site is optimized with the Yoast SEO plugin v26.9 - https:\/\/yoast.com\/product\/yoast-seo-wordpress\/ -->\n<title>Kontakti - SENSUA<\/title>\n<meta name=\"robots\" content=\"index, follow, max-snippet:-1, max-image-preview:large, max-video-preview:-1\" \/>\n<link rel=\"canonical\" href=\"https:\/\/sensua.lv\/en\/kontakti\/\" \/>\n<meta property=\"og:locale\" content=\"en_GB\" \/>\n<meta property=\"og:type\" content=\"article\" \/>\n<meta property=\"og:title\" content=\"Kontakti - SENSUA\" \/>\n<meta property=\"og:url\" content=\"https:\/\/sensua.lv\/en\/kontakti\/\" \/>\n<meta property=\"og:site_name\" content=\"SENSUA\" \/>\n<meta property=\"article:modified_time\" content=\"2025-11-20T14:54:35+00:00\" \/>\n<meta name=\"twitter:card\" content=\"summary_large_image\" \/>\n<meta name=\"twitter:label1\" content=\"Estimated reading time\" \/>\n\t<meta name=\"twitter:data1\" content=\"2 minutes\" \/>\n<script type=\"application\/ld+json\" class=\"yoast-schema-graph\">{\"@context\":\"https:\/\/schema.org\",\"@graph\":[{\"@type\":\"WebPage\",\"@id\":\"https:\/\/sensua.lv\/kontakti\/\",\"url\":\"https:\/\/sensua.lv\/kontakti\/\",\"name\":\"Kontakti - SENSUA\",\"isPartOf\":{\"@id\":\"https:\/\/sensua.lv\/#website\"},\"datePublished\":\"2024-10-31T14:30:49+00:00\",\"dateModified\":\"2025-11-20T14:54:35+00:00\",\"breadcrumb\":{\"@id\":\"https:\/\/sensua.lv\/kontakti\/#breadcrumb\"},\"inLanguage\":\"en-GB\",\"potentialAction\":[{\"@type\":\"ReadAction\",\"target\":[\"https:\/\/sensua.lv\/kontakti\/\"]}]},{\"@type\":\"BreadcrumbList\",\"@id\":\"https:\/\/sensua.lv\/kontakti\/#breadcrumb\",\"itemListElement\":[{\"@type\":\"ListItem\",\"position\":1,\"name\":\"Home\",\"item\":\"https:\/\/sensua.lv\/\"},{\"@type\":\"ListItem\",\"position\":2,\"name\":\"Kontakti\"}]},{\"@type\":\"WebSite\",\"@id\":\"https:\/\/sensua.lv\/#website\",\"url\":\"https:\/\/sensua.lv\/\",\"name\":\"SENSUA\",\"description\":\"Dabisks un ekolo\u0123isks gaismas avots tav\u0101s m\u0101j\u0101s\",\"publisher\":{\"@id\":\"https:\/\/sensua.lv\/#organization\"},\"potentialAction\":[{\"@type\":\"SearchAction\",\"target\":{\"@type\":\"EntryPoint\",\"urlTemplate\":\"https:\/\/sensua.lv\/?s={search_term_string}\"},\"query-input\":{\"@type\":\"PropertyValueSpecification\",\"valueRequired\":true,\"valueName\":\"search_term_string\"}}],\"inLanguage\":\"en-GB\"},{\"@type\":\"Organization\",\"@id\":\"https:\/\/sensua.lv\/#organization\",\"name\":\"SENSUA\",\"url\":\"https:\/\/sensua.lv\/\",\"logo\":{\"@type\":\"ImageObject\",\"inLanguage\":\"en-GB\",\"@id\":\"https:\/\/sensua.lv\/#\/schema\/logo\/image\/\",\"url\":\"https:\/\/sensua.lv\/wp-content\/uploads\/2024\/11\/logo.jpg\",\"contentUrl\":\"https:\/\/sensua.lv\/wp-content\/uploads\/2024\/11\/logo.jpg\",\"width\":512,\"height\":512,\"caption\":\"SENSUA\"},\"image\":{\"@id\":\"https:\/\/sensua.lv\/#\/schema\/logo\/image\/\"},\"sameAs\":[\"https:\/\/www.instagram.com\/sensua.products\/\",\"https:\/\/www.tiktok.com\/@sensuaproducts\"]}]}<\/script>\n<!-- \/ Yoast SEO plugin. -->","yoast_head_json":{"title":"Kontakti - SENSUA","robots":{"index":"index","follow":"follow","max-snippet":"max-snippet:-1","max-image-preview":"max-image-preview:large","max-video-preview":"max-video-preview:-1"},"canonical":"https:\/\/sensua.lv\/en\/kontakti\/","og_locale":"en_GB","og_type":"article","og_title":"Kontakti - SENSUA","og_url":"https:\/\/sensua.lv\/en\/kontakti\/","og_site_name":"SENSUA","article_modified_time":"2025-11-20T14:54:35+00:00","twitter_card":"summary_large_image","twitter_misc":{"Estimated reading time":"2 minutes"},"schema":{"@context":"https:\/\/schema.org","@graph":[{"@type":"WebPage","@id":"https:\/\/sensua.lv\/kontakti\/","url":"https:\/\/sensua.lv\/kontakti\/","name":"Kontakti - SENSUA","isPartOf":{"@id":"https:\/\/sensua.lv\/#website"},"datePublished":"2024-10-31T14:30:49+00:00","dateModified":"2025-11-20T14:54:35+00:00","breadcrumb":{"@id":"https:\/\/sensua.lv\/kontakti\/#breadcrumb"},"inLanguage":"en-GB","potentialAction":[{"@type":"ReadAction","target":["https:\/\/sensua.lv\/kontakti\/"]}]},{"@type":"BreadcrumbList","@id":"https:\/\/sensua.lv\/kontakti\/#breadcrumb","itemListElement":[{"@type":"ListItem","position":1,"name":"Home","item":"https:\/\/sensua.lv\/"},{"@type":"ListItem","position":2,"name":"Kontakti"}]},{"@type":"WebSite","@id":"https:\/\/sensua.lv\/#website","url":"https:\/\/sensua.lv\/","name":"SENSUA","description":"Dabisks un ekolo\u0123isks gaismas avots tav\u0101s m\u0101j\u0101s","publisher":{"@id":"https:\/\/sensua.lv\/#organization"},"potentialAction":[{"@type":"SearchAction","target":{"@type":"EntryPoint","urlTemplate":"https:\/\/sensua.lv\/?s={search_term_string}"},"query-input":{"@type":"PropertyValueSpecification","valueRequired":true,"valueName":"search_term_string"}}],"inLanguage":"en-GB"},{"@type":"Organization","@id":"https:\/\/sensua.lv\/#organization","name":"SENSUA","url":"https:\/\/sensua.lv\/","logo":{"@type":"ImageObject","inLanguage":"en-GB","@id":"https:\/\/sensua.lv\/#\/schema\/logo\/image\/","url":"https:\/\/sensua.lv\/wp-content\/uploads\/2024\/11\/logo.jpg","contentUrl":"https:\/\/sensua.lv\/wp-content\/uploads\/2024\/11\/logo.jpg","width":512,"height":512,"caption":"SENSUA"},"image":{"@id":"https:\/\/sensua.lv\/#\/schema\/logo\/image\/"},"sameAs":["https:\/\/www.instagram.com\/sensua.products\/","https:\/\/www.tiktok.com\/@sensuaproducts"]}]}},"_links":{"self":[{"href":"https:\/\/sensua.lv\/en\/wp-json\/wp\/v2\/pages\/5262","targetHints":{"allow":["GET"]}}],"collection":[{"href":"https:\/\/sensua.lv\/en\/wp-json\/wp\/v2\/pages"}],"about":[{"href":"https:\/\/sensua.lv\/en\/wp-json\/wp\/v2\/types\/page"}],"author":[{"embeddable":true,"href":"https:\/\/sensua.lv\/en\/wp-json\/wp\/v2\/users\/1"}],"replies":[{"embeddable":true,"href":"https:\/\/sensua.lv\/en\/wp-json\/wp\/v2\/comments?post=5262"}],"version-history":[{"count":21,"href":"https:\/\/sensua.lv\/en\/wp-json\/wp\/v2\/pages\/5262\/revisions"}],"predecessor-version":[{"id":6046,"href":"https:\/\/sensua.lv\/en\/wp-json\/wp\/v2\/pages\/5262\/revisions\/6046"}],"wp:attachment":[{"href":"https:\/\/sensua.lv\/en\/wp-json\/wp\/v2\/media?parent=5262"}],"curies":[{"name":"wp","href":"https:\/\/api.w.org\/{rel}","templated":true}]}}