{"id":14,"date":"2024-10-29T11:18:44","date_gmt":"2024-10-29T11:18:44","guid":{"rendered":"https:\/\/sensua.lv\/my-account\/"},"modified":"2024-10-31T15:39:54","modified_gmt":"2024-10-31T13:39:54","slug":"mans-konts","status":"publish","type":"page","link":"https:\/\/sensua.lv\/en\/mans-konts\/","title":{"rendered":"Mans konts"},"content":{"rendered":"<div class=\"woocommerce\"><\/div>","protected":false},"excerpt":{"rendered":"","protected":false},"author":1,"featured_media":0,"parent":0,"menu_order":0,"comment_status":"closed","ping_status":"closed","template":"","meta":{"footnotes":""},"class_list":["post-14","page","type-page","status-publish","hentry"],"yoast_head":"<!-- This site is optimized with the Yoast SEO plugin v26.9 - https:\/\/yoast.com\/product\/yoast-seo-wordpress\/ -->\n<title>Mans konts - SENSUA<\/title>\n<meta name=\"robots\" content=\"index, follow, max-snippet:-1, max-image-preview:large, max-video-preview:-1\" \/>\n<link rel=\"canonical\" href=\"https:\/\/sensua.lv\/en\/mans-konts\/\" \/>\n<meta property=\"og:locale\" content=\"en_GB\" \/>\n<meta property=\"og:type\" content=\"article\" \/>\n<meta property=\"og:title\" content=\"Mans konts - SENSUA\" \/>\n<meta property=\"og:url\" content=\"https:\/\/sensua.lv\/en\/mans-konts\/\" \/>\n<meta property=\"og:site_name\" content=\"SENSUA\" \/>\n<meta property=\"article:modified_time\" content=\"2024-10-31T13:39:54+00:00\" \/>\n<meta name=\"twitter:card\" content=\"summary_large_image\" \/>\n<script type=\"application\/ld+json\" class=\"yoast-schema-graph\">{\"@context\":\"https:\/\/schema.org\",\"@graph\":[{\"@type\":\"WebPage\",\"@id\":\"https:\/\/sensua.lv\/mans-konts\/\",\"url\":\"https:\/\/sensua.lv\/mans-konts\/\",\"name\":\"Mans konts - SENSUA\",\"isPartOf\":{\"@id\":\"https:\/\/sensua.lv\/#website\"},\"datePublished\":\"2024-10-29T11:18:44+00:00\",\"dateModified\":\"2024-10-31T13:39:54+00:00\",\"breadcrumb\":{\"@id\":\"https:\/\/sensua.lv\/mans-konts\/#breadcrumb\"},\"inLanguage\":\"en-GB\",\"potentialAction\":[{\"@type\":\"ReadAction\",\"target\":[\"https:\/\/sensua.lv\/mans-konts\/\"]}]},{\"@type\":\"BreadcrumbList\",\"@id\":\"https:\/\/sensua.lv\/mans-konts\/#breadcrumb\",\"itemListElement\":[{\"@type\":\"ListItem\",\"position\":1,\"name\":\"Home\",\"item\":\"https:\/\/sensua.lv\/\"},{\"@type\":\"ListItem\",\"position\":2,\"name\":\"Mans konts\"}]},{\"@type\":\"WebSite\",\"@id\":\"https:\/\/sensua.lv\/#website\",\"url\":\"https:\/\/sensua.lv\/\",\"name\":\"SENSUA\",\"description\":\"Dabisks un ekolo\u0123isks gaismas avots tav\u0101s m\u0101j\u0101s\",\"publisher\":{\"@id\":\"https:\/\/sensua.lv\/#organization\"},\"potentialAction\":[{\"@type\":\"SearchAction\",\"target\":{\"@type\":\"EntryPoint\",\"urlTemplate\":\"https:\/\/sensua.lv\/?s={search_term_string}\"},\"query-input\":{\"@type\":\"PropertyValueSpecification\",\"valueRequired\":true,\"valueName\":\"search_term_string\"}}],\"inLanguage\":\"en-GB\"},{\"@type\":\"Organization\",\"@id\":\"https:\/\/sensua.lv\/#organization\",\"name\":\"SENSUA\",\"url\":\"https:\/\/sensua.lv\/\",\"logo\":{\"@type\":\"ImageObject\",\"inLanguage\":\"en-GB\",\"@id\":\"https:\/\/sensua.lv\/#\/schema\/logo\/image\/\",\"url\":\"https:\/\/sensua.lv\/wp-content\/uploads\/2024\/11\/logo.jpg\",\"contentUrl\":\"https:\/\/sensua.lv\/wp-content\/uploads\/2024\/11\/logo.jpg\",\"width\":512,\"height\":512,\"caption\":\"SENSUA\"},\"image\":{\"@id\":\"https:\/\/sensua.lv\/#\/schema\/logo\/image\/\"},\"sameAs\":[\"https:\/\/www.instagram.com\/sensua.products\/\",\"https:\/\/www.tiktok.com\/@sensuaproducts\"]}]}<\/script>\n<!-- \/ Yoast SEO plugin. -->","yoast_head_json":{"title":"Mans konts - SENSUA","robots":{"index":"index","follow":"follow","max-snippet":"max-snippet:-1","max-image-preview":"max-image-preview:large","max-video-preview":"max-video-preview:-1"},"canonical":"https:\/\/sensua.lv\/en\/mans-konts\/","og_locale":"en_GB","og_type":"article","og_title":"Mans konts - SENSUA","og_url":"https:\/\/sensua.lv\/en\/mans-konts\/","og_site_name":"SENSUA","article_modified_time":"2024-10-31T13:39:54+00:00","twitter_card":"summary_large_image","schema":{"@context":"https:\/\/schema.org","@graph":[{"@type":"WebPage","@id":"https:\/\/sensua.lv\/mans-konts\/","url":"https:\/\/sensua.lv\/mans-konts\/","name":"Mans konts - SENSUA","isPartOf":{"@id":"https:\/\/sensua.lv\/#website"},"datePublished":"2024-10-29T11:18:44+00:00","dateModified":"2024-10-31T13:39:54+00:00","breadcrumb":{"@id":"https:\/\/sensua.lv\/mans-konts\/#breadcrumb"},"inLanguage":"en-GB","potentialAction":[{"@type":"ReadAction","target":["https:\/\/sensua.lv\/mans-konts\/"]}]},{"@type":"BreadcrumbList","@id":"https:\/\/sensua.lv\/mans-konts\/#breadcrumb","itemListElement":[{"@type":"ListItem","position":1,"name":"Home","item":"https:\/\/sensua.lv\/"},{"@type":"ListItem","position":2,"name":"Mans konts"}]},{"@type":"WebSite","@id":"https:\/\/sensua.lv\/#website","url":"https:\/\/sensua.lv\/","name":"SENSUA","description":"Dabisks un ekolo\u0123isks gaismas avots tav\u0101s m\u0101j\u0101s","publisher":{"@id":"https:\/\/sensua.lv\/#organization"},"potentialAction":[{"@type":"SearchAction","target":{"@type":"EntryPoint","urlTemplate":"https:\/\/sensua.lv\/?s={search_term_string}"},"query-input":{"@type":"PropertyValueSpecification","valueRequired":true,"valueName":"search_term_string"}}],"inLanguage":"en-GB"},{"@type":"Organization","@id":"https:\/\/sensua.lv\/#organization","name":"SENSUA","url":"https:\/\/sensua.lv\/","logo":{"@type":"ImageObject","inLanguage":"en-GB","@id":"https:\/\/sensua.lv\/#\/schema\/logo\/image\/","url":"https:\/\/sensua.lv\/wp-content\/uploads\/2024\/11\/logo.jpg","contentUrl":"https:\/\/sensua.lv\/wp-content\/uploads\/2024\/11\/logo.jpg","width":512,"height":512,"caption":"SENSUA"},"image":{"@id":"https:\/\/sensua.lv\/#\/schema\/logo\/image\/"},"sameAs":["https:\/\/www.instagram.com\/sensua.products\/","https:\/\/www.tiktok.com\/@sensuaproducts"]}]}},"_links":{"self":[{"href":"https:\/\/sensua.lv\/en\/wp-json\/wp\/v2\/pages\/14","targetHints":{"allow":["GET"]}}],"collection":[{"href":"https:\/\/sensua.lv\/en\/wp-json\/wp\/v2\/pages"}],"about":[{"href":"https:\/\/sensua.lv\/en\/wp-json\/wp\/v2\/types\/page"}],"author":[{"embeddable":true,"href":"https:\/\/sensua.lv\/en\/wp-json\/wp\/v2\/users\/1"}],"replies":[{"embeddable":true,"href":"https:\/\/sensua.lv\/en\/wp-json\/wp\/v2\/comments?post=14"}],"version-history":[{"count":1,"href":"https:\/\/sensua.lv\/en\/wp-json\/wp\/v2\/pages\/14\/revisions"}],"predecessor-version":[{"id":5244,"href":"https:\/\/sensua.lv\/en\/wp-json\/wp\/v2\/pages\/14\/revisions\/5244"}],"wp:attachment":[{"href":"https:\/\/sensua.lv\/en\/wp-json\/wp\/v2\/media?parent=14"}],"curies":[{"name":"wp","href":"https:\/\/api.w.org\/{rel}","templated":true}]}}